{"id":17915,"date":"2024-01-26T13:00:44","date_gmt":"2024-01-26T10:00:44","guid":{"rendered":"http:\/\/zakafeto.com\/product\/caprimo-creme-brulee-1-kg\/"},"modified":"2026-01-07T14:18:00","modified_gmt":"2026-01-07T11:18:00","slug":"caprimo-creme-brulee-1-kg","status":"publish","type":"product","link":"https:\/\/zakafeto.com\/en\/product\/caprimo-creme-brulee-1-kg\/","title":{"rendered":"CAPRIMO Creme Brulee 1 kg."},"content":{"rendered":"<p>Caprimo Cr\u00e8me Br\u00fbl\u00e9e captures all the delectable flavours of a caramel-crusted dessert in one divine drinking experience. Indulge for a moment in traditional French cuisine and add a rewarding and perfectly balanced treat to your day.<\/p>\n","protected":false},"excerpt":{"rendered":"<p>Decaffeinated drink for vending machines. Promotional price is not valid when providing a free machine.<\/p>\n","protected":false},"featured_media":17626,"template":"","meta":[],"product_brand":[],"product_cat":[221,220,280],"product_tag":[],"class_list":{"0":"post-17915","1":"product","2":"type-product","3":"status-publish","4":"has-post-thumbnail","6":"product_cat-soluble-beverages","7":"product_cat-vending-products","8":"product_cat-other","10":"first","11":"instock","12":"sale","13":"purchasable","14":"product-type-simple"},"_links":{"self":[{"href":"https:\/\/zakafeto.com\/en\/wp-json\/wp\/v2\/product\/17915","targetHints":{"allow":["GET"]}}],"collection":[{"href":"https:\/\/zakafeto.com\/en\/wp-json\/wp\/v2\/product"}],"about":[{"href":"https:\/\/zakafeto.com\/en\/wp-json\/wp\/v2\/types\/product"}],"version-history":[{"count":3,"href":"https:\/\/zakafeto.com\/en\/wp-json\/wp\/v2\/product\/17915\/revisions"}],"predecessor-version":[{"id":19383,"href":"https:\/\/zakafeto.com\/en\/wp-json\/wp\/v2\/product\/17915\/revisions\/19383"}],"wp:featuredmedia":[{"embeddable":true,"href":"https:\/\/zakafeto.com\/en\/wp-json\/wp\/v2\/media\/17626"}],"wp:attachment":[{"href":"https:\/\/zakafeto.com\/en\/wp-json\/wp\/v2\/media?parent=17915"}],"wp:term":[{"taxonomy":"product_brand","embeddable":true,"href":"https:\/\/zakafeto.com\/en\/wp-json\/wp\/v2\/product_brand?post=17915"},{"taxonomy":"product_cat","embeddable":true,"href":"https:\/\/zakafeto.com\/en\/wp-json\/wp\/v2\/product_cat?post=17915"},{"taxonomy":"product_tag","embeddable":true,"href":"https:\/\/zakafeto.com\/en\/wp-json\/wp\/v2\/product_tag?post=17915"}],"curies":[{"name":"wp","href":"https:\/\/api.w.org\/{rel}","templated":true}]}}